{"id":132,"date":"2025-11-14T16:24:02","date_gmt":"2025-11-14T16:24:02","guid":{"rendered":"https:\/\/madeinusaboats.com\/?page_id=132"},"modified":"2025-12-05T02:14:37","modified_gmt":"2025-12-05T02:14:37","slug":"quienes-somos","status":"publish","type":"page","link":"https:\/\/madeinusa.cl\/cl\/quienes-somos\/","title":{"rendered":"Quienes Somos"},"content":{"rendered":"\t\t<div data-elementor-type=\"wp-page\" data-elementor-id=\"132\" class=\"elementor elementor-132\" data-elementor-post-type=\"page\">\n\t\t\t\t\t\t<section class=\"elementor-section elementor-top-section elementor-element elementor-element-78a16b5f elementor-section-stretched elementor-section-height-min-height elementor-section-boxed elementor-section-height-default elementor-section-items-middle\" data-id=\"78a16b5f\" data-element_type=\"section\" data-e-type=\"section\" data-settings=\"{&quot;stretch_section&quot;:&quot;section-stretched&quot;,&quot;background_background&quot;:&quot;video&quot;,&quot;background_video_link&quot;:&quot;https:\\\/\\\/www.youtube.com\\\/watch?v=_0bLl3KeENY&quot;,&quot;background_play_on_mobile&quot;:&quot;yes&quot;,&quot;background_privacy_mode&quot;:&quot;yes&quot;}\">\n\t\t\t\t\t\t\t\t<div class=\"elementor-background-video-container\">\n\t\t\t\t\t\t\t\t\t\t\t\t\t<div class=\"elementor-background-video-embed\" role=\"presentation\"><\/div>\n\t\t\t\t\t\t\t\t\t\t\t\t<\/div>\n\t\t\t\t\t\t\t\t\t<div class=\"elementor-background-overlay\"><\/div>\n\t\t\t\t\t\t\t<div class=\"elementor-container elementor-column-gap-default\">\n\t\t\t\t\t<div class=\"elementor-column elementor-col-100 elementor-top-column elementor-element elementor-element-5e255fb8\" data-id=\"5e255fb8\" data-element_type=\"column\" data-e-type=\"column\">\n\t\t\t<div class=\"elementor-widget-wrap elementor-element-populated\">\n\t\t\t\t\t\t<div class=\"elementor-element elementor-element-7efe55de elementor-widget elementor-widget-heading\" data-id=\"7efe55de\" data-element_type=\"widget\" data-e-type=\"widget\" data-widget_type=\"heading.default\">\n\t\t\t\t\t<h2 class=\"elementor-heading-title elementor-size-default\">L\u00edderes en importaci\u00f3n de Productos Americanos\n<\/h2>\t\t\t\t<\/div>\n\t\t\t\t<div class=\"elementor-element elementor-element-3a03bd23 elementor-widget elementor-widget-text-editor\" data-id=\"3a03bd23\" data-element_type=\"widget\" data-e-type=\"widget\" data-widget_type=\"text-editor.default\">\n\t\t\t\t\t\t\t\t\tVenta y comercializaci\u00f3n de productos N\u00e1uticos\t\t\t\t\t\t\t\t<\/div>\n\t\t\t\t<div class=\"elementor-element elementor-element-6ce6c1fc elementor-widget elementor-widget-spacer\" data-id=\"6ce6c1fc\" data-element_type=\"widget\" data-e-type=\"widget\" data-widget_type=\"spacer.default\">\n\t\t\t\t\t\t\t<div class=\"elementor-spacer\">\n\t\t\t<div class=\"elementor-spacer-inner\"><\/div>\n\t\t<\/div>\n\t\t\t\t\t\t<\/div>\n\t\t\t\t<div class=\"elementor-element elementor-element-3cf6c38c elementor-widget elementor-widget-text-editor\" data-id=\"3cf6c38c\" data-element_type=\"widget\" data-e-type=\"widget\" data-widget_type=\"text-editor.default\">\n\t\t\t\t\t\t\t\t\t<p>Somos una empresa con m\u00e1s de 12 a\u00f1os de experiencia Ubicada en Orlando Florida pr\u00f3ximamente en Miami exportando lanchas, motos de agua, motores fuera de borda y dentro de borda, repuestos y accesorios n\u00e1uticos a todo el mundo, trabajamos con Naviera con oficinas en latinoam\u00e9rica, hacemos todo el proceso de b\u00fasqueda, compra y env\u00edo.<\/p>\n<p>Cargamos nuestros contenedores y hacemos todo el proceso de b\u00fasqueda importaci\u00f3n, tenemos agentes de aduana y oficina en distintos puertos para la descarga y desaduanizaci\u00f3n, tambi\u00e9n internaci\u00f3n. Tenemos transportaci\u00f3n a todas las regiones de american\u00edzalos y el caribe. Tarifas especiales para revendedores inversionistas y amantes del mundo acu\u00e1tico. Compras personales.<\/p>\t\t\t\t\t\t\t\t<\/div>\n\t\t\t\t<div class=\"elementor-element elementor-element-3e0a6d50 elementor-hidden-tablet elementor-hidden-mobile elementor-widget elementor-widget-image-gallery\" data-id=\"3e0a6d50\" data-element_type=\"widget\" data-e-type=\"widget\" data-widget_type=\"image-gallery.default\">\n\t\t\t\t\t\t\t<div class=\"elementor-image-gallery\">\n\t\t\t<div id='gallery-1' class='gallery galleryid-132 gallery-columns-6 gallery-size-full'><figure class='gallery-item'>\n\t\t\t<div class='gallery-icon landscape'>\n\t\t\t\t<a data-elementor-open-lightbox=\"yes\" data-elementor-lightbox-slideshow=\"3e0a6d50\" data-elementor-lightbox-title=\"cobalt.png\" data-e-action-hash=\"#elementor-action%3Aaction%3Dlightbox%26settings%3DeyJpZCI6MjMsInVybCI6Imh0dHBzOlwvXC9tYWRlaW51c2EuY2xcL2NsXC93cC1jb250ZW50XC91cGxvYWRzXC8yMDI1XC8xMVwvY29iYWx0LnBuZyIsInNsaWRlc2hvdyI6IjNlMGE2ZDUwIn0%3D\" href='https:\/\/madeinusa.cl\/cl\/wp-content\/uploads\/2025\/11\/cobalt.png'><img fetchpriority=\"high\" decoding=\"async\" width=\"1920\" height=\"744\" src=\"https:\/\/madeinusa.cl\/cl\/wp-content\/uploads\/2025\/11\/cobalt.png\" class=\"attachment-full size-full\" alt=\"\" srcset=\"https:\/\/madeinusa.cl\/cl\/wp-content\/uploads\/2025\/11\/cobalt.png 1920w, https:\/\/madeinusa.cl\/cl\/wp-content\/uploads\/2025\/11\/cobalt-600x233.png 600w, https:\/\/madeinusa.cl\/cl\/wp-content\/uploads\/2025\/11\/cobalt-300x116.png 300w, https:\/\/madeinusa.cl\/cl\/wp-content\/uploads\/2025\/11\/cobalt-1024x397.png 1024w, https:\/\/madeinusa.cl\/cl\/wp-content\/uploads\/2025\/11\/cobalt-768x298.png 768w, https:\/\/madeinusa.cl\/cl\/wp-content\/uploads\/2025\/11\/cobalt-1536x595.png 1536w\" sizes=\"(max-width: 1920px) 100vw, 1920px\" \/><\/a>\n\t\t\t<\/div><\/figure><figure class='gallery-item'>\n\t\t\t<div class='gallery-icon landscape'>\n\t\t\t\t<a data-elementor-open-lightbox=\"yes\" data-elementor-lightbox-slideshow=\"3e0a6d50\" data-elementor-lightbox-title=\"yamaha.png\" data-e-action-hash=\"#elementor-action%3Aaction%3Dlightbox%26settings%3DeyJpZCI6MjQsInVybCI6Imh0dHBzOlwvXC9tYWRlaW51c2EuY2xcL2NsXC93cC1jb250ZW50XC91cGxvYWRzXC8yMDI1XC8xMVwveWFtYWhhLnBuZyIsInNsaWRlc2hvdyI6IjNlMGE2ZDUwIn0%3D\" href='https:\/\/madeinusa.cl\/cl\/wp-content\/uploads\/2025\/11\/yamaha.png'><img decoding=\"async\" width=\"1920\" height=\"744\" src=\"https:\/\/madeinusa.cl\/cl\/wp-content\/uploads\/2025\/11\/yamaha.png\" class=\"attachment-full size-full\" alt=\"\" srcset=\"https:\/\/madeinusa.cl\/cl\/wp-content\/uploads\/2025\/11\/yamaha.png 1920w, https:\/\/madeinusa.cl\/cl\/wp-content\/uploads\/2025\/11\/yamaha-600x233.png 600w, https:\/\/madeinusa.cl\/cl\/wp-content\/uploads\/2025\/11\/yamaha-300x116.png 300w, https:\/\/madeinusa.cl\/cl\/wp-content\/uploads\/2025\/11\/yamaha-1024x397.png 1024w, https:\/\/madeinusa.cl\/cl\/wp-content\/uploads\/2025\/11\/yamaha-768x298.png 768w, https:\/\/madeinusa.cl\/cl\/wp-content\/uploads\/2025\/11\/yamaha-1536x595.png 1536w\" sizes=\"(max-width: 1920px) 100vw, 1920px\" \/><\/a>\n\t\t\t<\/div><\/figure><figure class='gallery-item'>\n\t\t\t<div class='gallery-icon landscape'>\n\t\t\t\t<a data-elementor-open-lightbox=\"yes\" data-elementor-lightbox-slideshow=\"3e0a6d50\" data-elementor-lightbox-title=\"searay.png\" data-e-action-hash=\"#elementor-action%3Aaction%3Dlightbox%26settings%3DeyJpZCI6MjUsInVybCI6Imh0dHBzOlwvXC9tYWRlaW51c2EuY2xcL2NsXC93cC1jb250ZW50XC91cGxvYWRzXC8yMDI1XC8xMVwvc2VhcmF5LnBuZyIsInNsaWRlc2hvdyI6IjNlMGE2ZDUwIn0%3D\" href='https:\/\/madeinusa.cl\/cl\/wp-content\/uploads\/2025\/11\/searay.png'><img decoding=\"async\" width=\"1920\" height=\"744\" src=\"https:\/\/madeinusa.cl\/cl\/wp-content\/uploads\/2025\/11\/searay.png\" class=\"attachment-full size-full\" alt=\"\" srcset=\"https:\/\/madeinusa.cl\/cl\/wp-content\/uploads\/2025\/11\/searay.png 1920w, https:\/\/madeinusa.cl\/cl\/wp-content\/uploads\/2025\/11\/searay-600x233.png 600w, https:\/\/madeinusa.cl\/cl\/wp-content\/uploads\/2025\/11\/searay-300x116.png 300w, https:\/\/madeinusa.cl\/cl\/wp-content\/uploads\/2025\/11\/searay-1024x397.png 1024w, https:\/\/madeinusa.cl\/cl\/wp-content\/uploads\/2025\/11\/searay-768x298.png 768w, https:\/\/madeinusa.cl\/cl\/wp-content\/uploads\/2025\/11\/searay-1536x595.png 1536w\" sizes=\"(max-width: 1920px) 100vw, 1920px\" \/><\/a>\n\t\t\t<\/div><\/figure><figure class='gallery-item'>\n\t\t\t<div class='gallery-icon landscape'>\n\t\t\t\t<a data-elementor-open-lightbox=\"yes\" data-elementor-lightbox-slideshow=\"3e0a6d50\" data-elementor-lightbox-title=\"seadoo.png\" data-e-action-hash=\"#elementor-action%3Aaction%3Dlightbox%26settings%3DeyJpZCI6MjYsInVybCI6Imh0dHBzOlwvXC9tYWRlaW51c2EuY2xcL2NsXC93cC1jb250ZW50XC91cGxvYWRzXC8yMDI1XC8xMVwvc2VhZG9vLnBuZyIsInNsaWRlc2hvdyI6IjNlMGE2ZDUwIn0%3D\" href='https:\/\/madeinusa.cl\/cl\/wp-content\/uploads\/2025\/11\/seadoo.png'><img loading=\"lazy\" decoding=\"async\" width=\"1920\" height=\"744\" src=\"https:\/\/madeinusa.cl\/cl\/wp-content\/uploads\/2025\/11\/seadoo.png\" class=\"attachment-full size-full\" alt=\"\" srcset=\"https:\/\/madeinusa.cl\/cl\/wp-content\/uploads\/2025\/11\/seadoo.png 1920w, https:\/\/madeinusa.cl\/cl\/wp-content\/uploads\/2025\/11\/seadoo-600x233.png 600w, https:\/\/madeinusa.cl\/cl\/wp-content\/uploads\/2025\/11\/seadoo-300x116.png 300w, https:\/\/madeinusa.cl\/cl\/wp-content\/uploads\/2025\/11\/seadoo-1024x397.png 1024w, https:\/\/madeinusa.cl\/cl\/wp-content\/uploads\/2025\/11\/seadoo-768x298.png 768w, https:\/\/madeinusa.cl\/cl\/wp-content\/uploads\/2025\/11\/seadoo-1536x595.png 1536w\" sizes=\"(max-width: 1920px) 100vw, 1920px\" \/><\/a>\n\t\t\t<\/div><\/figure><figure class='gallery-item'>\n\t\t\t<div class='gallery-icon landscape'>\n\t\t\t\t<a data-elementor-open-lightbox=\"yes\" data-elementor-lightbox-slideshow=\"3e0a6d50\" data-elementor-lightbox-title=\"monterey.png\" data-e-action-hash=\"#elementor-action%3Aaction%3Dlightbox%26settings%3DeyJpZCI6MjcsInVybCI6Imh0dHBzOlwvXC9tYWRlaW51c2EuY2xcL2NsXC93cC1jb250ZW50XC91cGxvYWRzXC8yMDI1XC8xMVwvbW9udGVyZXkucG5nIiwic2xpZGVzaG93IjoiM2UwYTZkNTAifQ%3D%3D\" href='https:\/\/madeinusa.cl\/cl\/wp-content\/uploads\/2025\/11\/monterey.png'><img loading=\"lazy\" decoding=\"async\" width=\"1920\" height=\"744\" src=\"https:\/\/madeinusa.cl\/cl\/wp-content\/uploads\/2025\/11\/monterey.png\" class=\"attachment-full size-full\" alt=\"\" srcset=\"https:\/\/madeinusa.cl\/cl\/wp-content\/uploads\/2025\/11\/monterey.png 1920w, https:\/\/madeinusa.cl\/cl\/wp-content\/uploads\/2025\/11\/monterey-600x233.png 600w, https:\/\/madeinusa.cl\/cl\/wp-content\/uploads\/2025\/11\/monterey-300x116.png 300w, https:\/\/madeinusa.cl\/cl\/wp-content\/uploads\/2025\/11\/monterey-1024x397.png 1024w, https:\/\/madeinusa.cl\/cl\/wp-content\/uploads\/2025\/11\/monterey-768x298.png 768w, https:\/\/madeinusa.cl\/cl\/wp-content\/uploads\/2025\/11\/monterey-1536x595.png 1536w\" sizes=\"(max-width: 1920px) 100vw, 1920px\" \/><\/a>\n\t\t\t<\/div><\/figure><figure class='gallery-item'>\n\t\t\t<div class='gallery-icon landscape'>\n\t\t\t\t<a data-elementor-open-lightbox=\"yes\" data-elementor-lightbox-slideshow=\"3e0a6d50\" data-elementor-lightbox-title=\"mercury.png\" data-e-action-hash=\"#elementor-action%3Aaction%3Dlightbox%26settings%3DeyJpZCI6MjgsInVybCI6Imh0dHBzOlwvXC9tYWRlaW51c2EuY2xcL2NsXC93cC1jb250ZW50XC91cGxvYWRzXC8yMDI1XC8xMVwvbWVyY3VyeS5wbmciLCJzbGlkZXNob3ciOiIzZTBhNmQ1MCJ9\" href='https:\/\/madeinusa.cl\/cl\/wp-content\/uploads\/2025\/11\/mercury.png'><img loading=\"lazy\" decoding=\"async\" width=\"1920\" height=\"744\" src=\"https:\/\/madeinusa.cl\/cl\/wp-content\/uploads\/2025\/11\/mercury.png\" class=\"attachment-full size-full\" alt=\"\" srcset=\"https:\/\/madeinusa.cl\/cl\/wp-content\/uploads\/2025\/11\/mercury.png 1920w, https:\/\/madeinusa.cl\/cl\/wp-content\/uploads\/2025\/11\/mercury-600x233.png 600w, https:\/\/madeinusa.cl\/cl\/wp-content\/uploads\/2025\/11\/mercury-300x116.png 300w, https:\/\/madeinusa.cl\/cl\/wp-content\/uploads\/2025\/11\/mercury-1024x397.png 1024w, https:\/\/madeinusa.cl\/cl\/wp-content\/uploads\/2025\/11\/mercury-768x298.png 768w, https:\/\/madeinusa.cl\/cl\/wp-content\/uploads\/2025\/11\/mercury-1536x595.png 1536w\" sizes=\"(max-width: 1920px) 100vw, 1920px\" \/><\/a>\n\t\t\t<\/div><\/figure>\n\t\t<\/div>\n\t\t<\/div>\n\t\t\t\t\t\t<\/div>\n\t\t\t\t\t<\/div>\n\t\t<\/div>\n\t\t\t\t\t<\/div>\n\t\t<\/section>\n\t\t\t\t<section class=\"elementor-section elementor-top-section elementor-element elementor-element-4dd0e8da elementor-section-stretched elementor-section-height-min-height elementor-section-boxed elementor-section-height-default elementor-section-items-middle\" data-id=\"4dd0e8da\" data-element_type=\"section\" data-e-type=\"section\" data-settings=\"{&quot;stretch_section&quot;:&quot;section-stretched&quot;,&quot;background_background&quot;:&quot;classic&quot;}\">\n\t\t\t\t\t\t\t<div class=\"elementor-background-overlay\"><\/div>\n\t\t\t\t\t\t\t<div class=\"elementor-container elementor-column-gap-default\">\n\t\t\t\t\t<div class=\"elementor-column elementor-col-100 elementor-top-column elementor-element elementor-element-293637ac\" data-id=\"293637ac\" data-element_type=\"column\" data-e-type=\"column\">\n\t\t\t<div class=\"elementor-widget-wrap elementor-element-populated\">\n\t\t\t\t\t\t<div class=\"elementor-element elementor-element-1b72159a elementor-widget elementor-widget-heading\" data-id=\"1b72159a\" data-element_type=\"widget\" data-e-type=\"widget\" data-widget_type=\"heading.default\">\n\t\t\t\t\t<h2 class=\"elementor-heading-title elementor-size-default\">Tu comodidad es nuestra prioridad<\/h2>\t\t\t\t<\/div>\n\t\t\t\t<div class=\"elementor-element elementor-element-eb79d05 elementor-widget elementor-widget-text-editor\" data-id=\"eb79d05\" data-element_type=\"widget\" data-e-type=\"widget\" data-widget_type=\"text-editor.default\">\n\t\t\t\t\t\t\t\t\t<p>Nos encargamos de todo el proceso de compra, gesti\u00f3n, importaci\u00f3n e internaci\u00f3n de tu embarcaci\u00f3n<\/p>\t\t\t\t\t\t\t\t<\/div>\n\t\t\t\t<div class=\"elementor-element elementor-element-7652d0ed elementor-align-center elementor-widget elementor-widget-button\" data-id=\"7652d0ed\" data-element_type=\"widget\" data-e-type=\"widget\" data-widget_type=\"button.default\">\n\t\t\t\t\t\t\t\t\t\t<a class=\"elementor-button elementor-button-link elementor-size-sm\" href=\"http:\/\/wa.me\/13529361174\" id=\"conocelo1\">\n\t\t\t\t\t\t<span class=\"elementor-button-content-wrapper\">\n\t\t\t\t\t\t\t\t\t<span class=\"elementor-button-text\">\u00a1Quiero Comprar!<\/span>\n\t\t\t\t\t<\/span>\n\t\t\t\t\t<\/a>\n\t\t\t\t\t\t\t\t<\/div>\n\t\t\t\t<div class=\"elementor-element elementor-element-49e9d1bb elementor-widget elementor-widget-spacer\" data-id=\"49e9d1bb\" data-element_type=\"widget\" data-e-type=\"widget\" data-widget_type=\"spacer.default\">\n\t\t\t\t\t\t\t<div class=\"elementor-spacer\">\n\t\t\t<div class=\"elementor-spacer-inner\"><\/div>\n\t\t<\/div>\n\t\t\t\t\t\t<\/div>\n\t\t\t\t<section class=\"elementor-section elementor-inner-section elementor-element elementor-element-741bc52 elementor-section-boxed elementor-section-height-default elementor-section-height-default\" data-id=\"741bc52\" data-element_type=\"section\" data-e-type=\"section\">\n\t\t\t\t\t\t<div class=\"elementor-container elementor-column-gap-default\">\n\t\t\t\t\t<div class=\"elementor-column elementor-col-33 elementor-inner-column elementor-element elementor-element-27fdf1b2\" data-id=\"27fdf1b2\" data-element_type=\"column\" data-e-type=\"column\">\n\t\t\t<div class=\"elementor-widget-wrap elementor-element-populated\">\n\t\t\t\t\t\t<div class=\"elementor-element elementor-element-5b45e436 elementor-widget elementor-widget-heading\" data-id=\"5b45e436\" data-element_type=\"widget\" data-e-type=\"widget\" data-widget_type=\"heading.default\">\n\t\t\t\t\t<h2 class=\"elementor-heading-title elementor-size-default\">Entregas en todo el mundo<\/h2>\t\t\t\t<\/div>\n\t\t\t\t\t<\/div>\n\t\t<\/div>\n\t\t\t\t<div class=\"elementor-column elementor-col-33 elementor-inner-column elementor-element elementor-element-624c9f99\" data-id=\"624c9f99\" data-element_type=\"column\" data-e-type=\"column\">\n\t\t\t<div class=\"elementor-widget-wrap elementor-element-populated\">\n\t\t\t\t\t\t<div class=\"elementor-element elementor-element-59fa97af elementor-widget elementor-widget-heading\" data-id=\"59fa97af\" data-element_type=\"widget\" data-e-type=\"widget\" data-widget_type=\"heading.default\">\n\t\t\t\t\t<h2 class=\"elementor-heading-title elementor-size-default\">Contamos con financiamiento<\/h2>\t\t\t\t<\/div>\n\t\t\t\t\t<\/div>\n\t\t<\/div>\n\t\t\t\t<div class=\"elementor-column elementor-col-33 elementor-inner-column elementor-element elementor-element-5c56a514\" data-id=\"5c56a514\" data-element_type=\"column\" data-e-type=\"column\">\n\t\t\t<div class=\"elementor-widget-wrap elementor-element-populated\">\n\t\t\t\t\t\t<div class=\"elementor-element elementor-element-4c15a763 elementor-widget elementor-widget-heading\" data-id=\"4c15a763\" data-element_type=\"widget\" data-e-type=\"widget\" data-widget_type=\"heading.default\">\n\t\t\t\t\t<h2 class=\"elementor-heading-title elementor-size-default\">Facilidades de pago<\/h2>\t\t\t\t<\/div>\n\t\t\t\t\t<\/div>\n\t\t<\/div>\n\t\t\t\t\t<\/div>\n\t\t<\/section>\n\t\t\t\t\t<\/div>\n\t\t<\/div>\n\t\t\t\t\t<\/div>\n\t\t<\/section>\n\t\t\t\t<section class=\"elementor-section elementor-top-section elementor-element elementor-element-4ac881b4 elementor-section-stretched elementor-section-boxed elementor-section-height-default elementor-section-height-default\" data-id=\"4ac881b4\" data-element_type=\"section\" data-e-type=\"section\" data-settings=\"{&quot;stretch_section&quot;:&quot;section-stretched&quot;,&quot;background_background&quot;:&quot;classic&quot;}\">\n\t\t\t\t\t\t<div class=\"elementor-container elementor-column-gap-default\">\n\t\t\t\t\t<div class=\"elementor-column elementor-col-50 elementor-top-column elementor-element elementor-element-7d7d54b1\" data-id=\"7d7d54b1\" data-element_type=\"column\" data-e-type=\"column\">\n\t\t\t<div class=\"elementor-widget-wrap elementor-element-populated\">\n\t\t\t\t\t\t<div class=\"elementor-element elementor-element-611bf435 elementor-widget elementor-widget-heading\" data-id=\"611bf435\" data-element_type=\"widget\" data-e-type=\"widget\" data-widget_type=\"heading.default\">\n\t\t\t\t\t<h2 class=\"elementor-heading-title elementor-size-default\">Gran variedad de productos <\/h2>\t\t\t\t<\/div>\n\t\t\t\t\t<\/div>\n\t\t<\/div>\n\t\t\t\t<div class=\"elementor-column elementor-col-50 elementor-top-column elementor-element elementor-element-2963e989\" data-id=\"2963e989\" data-element_type=\"column\" data-e-type=\"column\">\n\t\t\t<div class=\"elementor-widget-wrap elementor-element-populated\">\n\t\t\t\t\t\t<div class=\"elementor-element elementor-element-5363a864 elementor-widget elementor-widget-text-editor\" data-id=\"5363a864\" data-element_type=\"widget\" data-e-type=\"widget\" data-widget_type=\"text-editor.default\">\n\t\t\t\t\t\t\t\t\tMantenemos un Stock amplio el cual esta compuesto por embarcaciones, motores, Lanchas, Motos de Agua,  Repuestos, Autos Cl\u00e1sicos,  Maquinaria. Todos nuestros productos los vendemos tanto nuevos como usados. Cada producto esta detalladamente revisado para confirmar que su funcionamiento sea perfecto\t\t\t\t\t\t\t\t<\/div>\n\t\t\t\t\t<\/div>\n\t\t<\/div>\n\t\t\t\t\t<\/div>\n\t\t<\/section>\n\t\t\t\t<section class=\"elementor-section elementor-top-section elementor-element elementor-element-3fc2a6d1 elementor-section-boxed elementor-section-height-default elementor-section-height-default\" data-id=\"3fc2a6d1\" data-element_type=\"section\" data-e-type=\"section\" data-settings=\"{&quot;background_background&quot;:&quot;classic&quot;}\">\n\t\t\t\t\t\t<div class=\"elementor-container elementor-column-gap-default\">\n\t\t\t\t\t<div class=\"elementor-column elementor-col-100 elementor-top-column elementor-element elementor-element-3e856feb\" data-id=\"3e856feb\" data-element_type=\"column\" data-e-type=\"column\">\n\t\t\t<div class=\"elementor-widget-wrap elementor-element-populated\">\n\t\t\t\t\t\t<div class=\"elementor-element elementor-element-35fe67c6 elementor-widget elementor-widget-video\" data-id=\"35fe67c6\" data-element_type=\"widget\" data-e-type=\"widget\" data-settings=\"{&quot;youtube_url&quot;:&quot;https:\\\/\\\/www.youtube.com\\\/watch?v=vN-W7JioRgQ&quot;,&quot;autoplay&quot;:&quot;yes&quot;,&quot;play_on_mobile&quot;:&quot;yes&quot;,&quot;mute&quot;:&quot;yes&quot;,&quot;loop&quot;:&quot;yes&quot;,&quot;yt_privacy&quot;:&quot;yes&quot;,&quot;video_type&quot;:&quot;youtube&quot;}\" data-widget_type=\"video.default\">\n\t\t\t\t\t\t\t<div class=\"elementor-wrapper elementor-open-inline\">\n\t\t\t<div class=\"elementor-video\"><\/div>\t\t<\/div>\n\t\t\t\t\t\t<\/div>\n\t\t\t\t\t<\/div>\n\t\t<\/div>\n\t\t\t\t\t<\/div>\n\t\t<\/section>\n\t\t\t\t<section class=\"elementor-section elementor-top-section elementor-element elementor-element-73f4db48 elementor-section-stretched elementor-section-full_width elementor-section-height-default elementor-section-height-default\" data-id=\"73f4db48\" data-element_type=\"section\" data-e-type=\"section\" data-settings=\"{&quot;stretch_section&quot;:&quot;section-stretched&quot;}\">\n\t\t\t\t\t\t<div class=\"elementor-container elementor-column-gap-default\">\n\t\t\t\t\t<div class=\"elementor-column elementor-col-100 elementor-top-column elementor-element elementor-element-228d99a6\" data-id=\"228d99a6\" data-element_type=\"column\" data-e-type=\"column\">\n\t\t\t<div class=\"elementor-widget-wrap elementor-element-populated\">\n\t\t\t\t\t\t<div class=\"elementor-element elementor-element-4aa47720 elementor-widget elementor-widget-google_maps\" data-id=\"4aa47720\" data-element_type=\"widget\" data-e-type=\"widget\" data-widget_type=\"google_maps.default\">\n\t\t\t\t\t\t\t<div class=\"elementor-custom-embed\">\n\t\t\t<iframe loading=\"lazy\"\n\t\t\t\t\tsrc=\"https:\/\/maps.google.com\/maps?q=san%20Antonio%20chile&#038;t=m&#038;z=17&#038;output=embed&#038;iwloc=near\"\n\t\t\t\t\ttitle=\"san Antonio chile\"\n\t\t\t\t\taria-label=\"san Antonio chile\"\n\t\t\t><\/iframe>\n\t\t<\/div>\n\t\t\t\t\t\t<\/div>\n\t\t\t\t\t<\/div>\n\t\t<\/div>\n\t\t\t\t\t<\/div>\n\t\t<\/section>\n\t\t\t\t<\/div>\n\t\t","protected":false},"excerpt":{"rendered":"<p>L\u00edderes en importaci\u00f3n de Productos Americanos Venta y comercializaci\u00f3n de productos N\u00e1uticos Somos una empresa con m\u00e1s de 12 a\u00f1os [&hellip;]<\/p>\n","protected":false},"author":1,"featured_media":0,"parent":0,"menu_order":0,"comment_status":"closed","ping_status":"closed","template":"","meta":{"site-sidebar-layout":"no-sidebar","site-content-layout":"","ast-site-content-layout":"full-width-container","site-content-style":"default","site-sidebar-style":"default","ast-global-header-display":"","ast-banner-title-visibility":"","ast-main-header-display":"","ast-hfb-above-header-display":"","ast-hfb-below-header-display":"","ast-hfb-mobile-header-display":"","site-post-title":"","ast-breadcrumbs-content":"","ast-featured-img":"disabled","footer-sml-layout":"","ast-disable-related-posts":"","theme-transparent-header-meta":"","adv-header-id-meta":"","stick-header-meta":"","header-above-stick-meta":"","header-main-stick-meta":"","header-below-stick-meta":"","astra-migrate-meta-layouts":"default","ast-page-background-enabled":"default","ast-page-background-meta":{"desktop":{"background-color":"var(--ast-global-color-5)","background-image":"","background-repeat":"repeat","background-position":"center center","background-size":"auto","background-attachment":"scroll","background-type":"","background-media":"","overlay-type":"","overlay-color":"","overlay-opacity":"","overlay-gradient":""},"tablet":{"background-color":"","background-image":"","background-repeat":"repeat","background-position":"center center","background-size":"auto","background-attachment":"scroll","background-type":"","background-media":"","overlay-type":"","overlay-color":"","overlay-opacity":"","overlay-gradient":""},"mobile":{"background-color":"","background-image":"","background-repeat":"repeat","background-position":"center center","background-size":"auto","background-attachment":"scroll","background-type":"","background-media":"","overlay-type":"","overlay-color":"","overlay-opacity":"","overlay-gradient":""}},"ast-content-background-meta":{"desktop":{"background-color":"var(--ast-global-color-4)","background-image":"","background-repeat":"repeat","background-position":"center center","background-size":"auto","background-attachment":"scroll","background-type":"","background-media":"","overlay-type":"","overlay-color":"","overlay-opacity":"","overlay-gradient":""},"tablet":{"background-color":"var(--ast-global-color-4)","background-image":"","background-repeat":"repeat","background-position":"center center","background-size":"auto","background-attachment":"scroll","background-type":"","background-media":"","overlay-type":"","overlay-color":"","overlay-opacity":"","overlay-gradient":""},"mobile":{"background-color":"var(--ast-global-color-4)","background-image":"","background-repeat":"repeat","background-position":"center center","background-size":"auto","background-attachment":"scroll","background-type":"","background-media":"","overlay-type":"","overlay-color":"","overlay-opacity":"","overlay-gradient":""}},"footnotes":""},"class_list":["post-132","page","type-page","status-publish","hentry"],"_links":{"self":[{"href":"https:\/\/madeinusa.cl\/cl\/wp-json\/wp\/v2\/pages\/132","targetHints":{"allow":["GET"]}}],"collection":[{"href":"https:\/\/madeinusa.cl\/cl\/wp-json\/wp\/v2\/pages"}],"about":[{"href":"https:\/\/madeinusa.cl\/cl\/wp-json\/wp\/v2\/types\/page"}],"author":[{"embeddable":true,"href":"https:\/\/madeinusa.cl\/cl\/wp-json\/wp\/v2\/users\/1"}],"replies":[{"embeddable":true,"href":"https:\/\/madeinusa.cl\/cl\/wp-json\/wp\/v2\/comments?post=132"}],"version-history":[{"count":14,"href":"https:\/\/madeinusa.cl\/cl\/wp-json\/wp\/v2\/pages\/132\/revisions"}],"predecessor-version":[{"id":251,"href":"https:\/\/madeinusa.cl\/cl\/wp-json\/wp\/v2\/pages\/132\/revisions\/251"}],"wp:attachment":[{"href":"https:\/\/madeinusa.cl\/cl\/wp-json\/wp\/v2\/media?parent=132"}],"curies":[{"name":"wp","href":"https:\/\/api.w.org\/{rel}","templated":true}]}}